{"id":1709,"date":"2019-05-01T18:53:23","date_gmt":"2019-05-01T16:53:23","guid":{"rendered":"http:\/\/s468745373.online.de\/wordpress\/?page_id=1709"},"modified":"2024-04-16T07:39:50","modified_gmt":"2024-04-16T05:39:50","slug":"vorlesewettbewerb-2019","status":"publish","type":"page","link":"http:\/\/martinschule-ahlen.de\/?page_id=1709","title":{"rendered":"Vorlesewettbewerb 2019"},"content":{"rendered":"<p><strong>Vorlesewettbewerb am Freitag, dem 12.04.2019<\/strong><\/p>\n<p>Am letzten Schultag vor den Osterferien fand in diesem Jahr wieder unser Vorlesewettbewerb statt, der nun schon seit einigen Jahren an der Martinschule Tradition hat.<\/p>\n<p>Frau Dudek begr\u00fc\u00dfte auch in diesem Jahr die Jury, bestehend aus <strong>Frau Hosselmann<\/strong> und <strong>Frau Entrup<\/strong>. Au\u00dferdem durfte die Drittkl\u00e4sslerin <strong>Khadija Madmar<\/strong> als Jurymitglied mitwirken, da sie im letzten Jahr neben anderen Sch\u00fclerinnen und Sch\u00fclern den Vorlesewettbewerb gewonnen hatte. Bei so vielen guten Vorleserinnen und Vorlesern hatte es die Jury auch in diesem Jahr gar nicht so leicht. Die Gewinner (denn eigentlich sind bei diesem Wettbewerb alle Sieger, werden unten namentlich aufgef\u00fchrt.) Wir gratulieren hiermit noch einmal allen Sch\u00fclerinnen und Sch\u00fclern, die an dem Vorlesewettbewerb teilgenommen haben! Au\u00dferdem gilt ein gro\u00dfes Dankesch\u00f6n Petra Rolf und Christine Peick, die den Vorlesewettbewerb auch in diesem Jahr wieder vorbereitet und organisiert haben.<\/p>\n<p><strong>Jahrgang 2:<\/strong><\/p>\n<p>1. Platz: Ibrahim Madmar (links), 2. Platz: Emma Inderwiedenstra\u00dfe (rechts),\u00a0 3. Platz: Frida Pollmeier, Nika Batt, Sarah Madmar, Merle M\u00f6hl<\/p>\n<p><strong>Jahrgang 3: <\/strong><\/p>\n<p>1. Platz: Khadija Madmar (rechts), 2. Platz: Celine J\u00fcrgens (2.v.r.), 3. Platz: Lina Thee\u00dfen (links), Zeynep Demirhan (2.v.l), Kilian Pollex (3.v.l.) und Johanna Ratering (3.v.r.)<\/p>\n<p><strong>Jahrgang 4:<\/strong><\/p>\n<ol>\n<li>Platz: Hana Hanne (links), 2. Platz: Janne Scheffler (2.v.l.) und Arthur Schulze Beerhorst (3.v.l.), 3. Platz: Fynn Gro\u00dfe Hundrup (3.v.r.), Helen Drusche (2.v.r.) und Louise L\u00fctzow (rechts).<\/li>\n<\/ol>\n","protected":false},"excerpt":{"rendered":"<p>Vorlesewettbewerb am Freitag, dem 12.04.2019 Am letzten Schultag vor den Osterferien fand in diesem Jahr wieder unser Vorlesewettbewerb statt, der nun schon seit einigen Jahren an der Martinschule Tradition hat. Frau Dudek begr\u00fc\u00dfte auch in diesem Jahr die Jury, bestehend aus Frau Hosselmann und Frau Entrup. Au\u00dferdem durfte die Drittkl\u00e4sslerin Khadija Madmar als Jurymitglied mitwirken, [&hellip;]<\/p>\n","protected":false},"author":2,"featured_media":0,"parent":0,"menu_order":0,"comment_status":"closed","ping_status":"closed","template":"","meta":{"footnotes":""},"class_list":["post-1709","page","type-page","status-publish","hentry"],"jetpack_sharing_enabled":true,"_links":{"self":[{"href":"http:\/\/martinschule-ahlen.de\/index.php?rest_route=\/wp\/v2\/pages\/1709","targetHints":{"allow":["GET"]}}],"collection":[{"href":"http:\/\/martinschule-ahlen.de\/index.php?rest_route=\/wp\/v2\/pages"}],"about":[{"href":"http:\/\/martinschule-ahlen.de\/index.php?rest_route=\/wp\/v2\/types\/page"}],"author":[{"embeddable":true,"href":"http:\/\/martinschule-ahlen.de\/index.php?rest_route=\/wp\/v2\/users\/2"}],"replies":[{"embeddable":true,"href":"http:\/\/martinschule-ahlen.de\/index.php?rest_route=%2Fwp%2Fv2%2Fcomments&post=1709"}],"version-history":[{"count":2,"href":"http:\/\/martinschule-ahlen.de\/index.php?rest_route=\/wp\/v2\/pages\/1709\/revisions"}],"predecessor-version":[{"id":2958,"href":"http:\/\/martinschule-ahlen.de\/index.php?rest_route=\/wp\/v2\/pages\/1709\/revisions\/2958"}],"wp:attachment":[{"href":"http:\/\/martinschule-ahlen.de\/index.php?rest_route=%2Fwp%2Fv2%2Fmedia&parent=1709"}],"curies":[{"name":"wp","href":"https:\/\/api.w.org\/{rel}","templated":true}]}}