{"id":84,"date":"2017-04-27T14:02:03","date_gmt":"2017-04-27T12:02:03","guid":{"rendered":"http:\/\/s468745373.online.de\/wordpress\/?page_id=84"},"modified":"2026-02-25T21:43:11","modified_gmt":"2026-02-25T19:43:11","slug":"umi","status":"publish","type":"page","link":"http:\/\/martinschule-ahlen.de\/?page_id=84","title":{"rendered":"\u00dcMI"},"content":{"rendered":"<p><b><i>\u00dcbermittagsbetreuung (\u00dcMI): <\/i><\/b>11.45 Uhr \u2013 13.30 Uhr<\/p>\n<p>Telefon: 02382\/596736<\/p>\n<p>&#8211;\u00a0\u00a0\u00a0\u00a0\u00a0\u00a0 Betreuungszeiten nach Absprache<\/p>\n<p>Tr\u00e4ger: M\u00fctterzentrum<\/p>\n","protected":false},"excerpt":{"rendered":"<p>\u00dcbermittagsbetreuung (\u00dcMI): 11.45 Uhr \u2013 13.30 Uhr Telefon: 02382\/596736 &#8211;\u00a0\u00a0\u00a0\u00a0\u00a0\u00a0 Betreuungszeiten nach Absprache Tr\u00e4ger: M\u00fctterzentrum<\/p>\n","protected":false},"author":2,"featured_media":0,"parent":0,"menu_order":0,"comment_status":"open","ping_status":"open","template":"","meta":{"footnotes":""},"class_list":["post-84","page","type-page","status-publish","hentry"],"jetpack_sharing_enabled":true,"_links":{"self":[{"href":"http:\/\/martinschule-ahlen.de\/index.php?rest_route=\/wp\/v2\/pages\/84","targetHints":{"allow":["GET"]}}],"collection":[{"href":"http:\/\/martinschule-ahlen.de\/index.php?rest_route=\/wp\/v2\/pages"}],"about":[{"href":"http:\/\/martinschule-ahlen.de\/index.php?rest_route=\/wp\/v2\/types\/page"}],"author":[{"embeddable":true,"href":"http:\/\/martinschule-ahlen.de\/index.php?rest_route=\/wp\/v2\/users\/2"}],"replies":[{"embeddable":true,"href":"http:\/\/martinschule-ahlen.de\/index.php?rest_route=%2Fwp%2Fv2%2Fcomments&post=84"}],"version-history":[{"count":7,"href":"http:\/\/martinschule-ahlen.de\/index.php?rest_route=\/wp\/v2\/pages\/84\/revisions"}],"predecessor-version":[{"id":3164,"href":"http:\/\/martinschule-ahlen.de\/index.php?rest_route=\/wp\/v2\/pages\/84\/revisions\/3164"}],"wp:attachment":[{"href":"http:\/\/martinschule-ahlen.de\/index.php?rest_route=%2Fwp%2Fv2%2Fmedia&parent=84"}],"curies":[{"name":"wp","href":"https:\/\/api.w.org\/{rel}","templated":true}]}}